{"id":136,"date":"2017-04-10T19:46:06","date_gmt":"2017-04-10T19:46:06","guid":{"rendered":"http:\/\/multisite.latahosting.com\/orderspi\/contact\/"},"modified":"2017-05-31T03:12:40","modified_gmt":"2017-05-31T03:12:40","slug":"contact","status":"publish","type":"page","link":"https:\/\/orderspi.com\/es\/contact\/","title":{"rendered":"Contacto"},"content":{"rendered":"<section class=\"wpb-content-wrapper\"><p>[vc_row full_width=&#8221;stretch_row_content_no_spaces&#8221; css=&#8221;.vc_custom_1491928520005{background-image: url(http:\/\/multisite.latahosting.com\/orderspi\/wp-content\/uploads\/sites\/8\/2017\/04\/lacrosse.jpg?id=17) !important;background-position: center !important;background-repeat: no-repeat !important;background-size: cover !important;}&#8221;][vc_column width=&#8221;1\/6&#8243; offset=&#8221;vc_hidden-sm vc_hidden-xs&#8221;][\/vc_column][vc_column width=&#8221;2\/3&#8243;][vc_row_inner css=&#8221;.vc_custom_1491927161580{margin-top: 60px !important;margin-bottom: 60px !important;border-top-width: 2px !important;border-right-width: 2px !important;border-bottom-width: 2px !important;border-left-width: 2px !important;padding-top: 40px !important;padding-right: 40px !important;padding-bottom: 40px !important;padding-left: 40px !important;background-color: #ffffff !important;border-left-color: #ededed !important;border-left-style: solid !important;border-right-color: #ededed !important;border-right-style: solid !important;border-top-color: #ededed !important;border-top-style: solid !important;border-bottom-color: #ededed !important;border-bottom-style: solid !important;}&#8221;][vc_column_inner width=&#8221;1\/2&#8243;][vc_column_text]<span style=\"font-size: 14pt; font-family: tahoma, arial, helvetica, sans-serif;\"><strong>Contacto Sports Portraits<\/strong><\/span><\/p>\n<p><span style=\"font-family: tahoma, arial, helvetica, sans-serif;\"><b class=\"mr-10\">N\u00famero de tel\u00e9fono : <\/b> 847-951-2502<\/span><br \/>\n<span style=\"font-family: tahoma, arial, helvetica, sans-serif;\"><b class=\"mr-10\">Direcci\u00f3n de correo electr\u00f3nico : <\/b> info@sportsportraitsinc.com<\/span><\/p>\n<p><span style=\"font-family: tahoma, arial, helvetica, sans-serif; font-size: 12pt;\">Tambi\u00e9n puede enviarnos un mensaje r\u00e1pido usando el formulario de esta p\u00e1gina.<\/span><br \/>\n<span style=\"font-family: tahoma, arial, helvetica, sans-serif; font-size: 12pt;\">Nos encantar\u00eda saber si tiene alguna pregunta sobre nuestros productos y servicios.<\/span><\/p>\n<p><span style=\"font-size: 10pt; font-family: tahoma, arial, helvetica, sans-serif;\">*A todas las escuelas, programas de atletismo y clubs estar\u00edamos honrados de trabajar con usted. P\u00f3ngase en contacto con nosotros para hablar de su programa de fotografia.<\/span><\/p>\n<p><span style=\"font-size: 10pt; font-family: tahoma, arial, helvetica, sans-serif;\">*Padres si podemos responder a cualquier pregunta que pueda tener por favor p\u00f3ngase en contacto con nosotros.<\/span>[\/vc_column_text][\/vc_column_inner][vc_column_inner width=&#8221;1\/2&#8243; css=&#8221;.vc_custom_1495348387675{padding-right: 35px !important;padding-left: 35px !important;}&#8221;]\n<div class=\"wpcf7 no-js\" id=\"wpcf7-f132-o1\" lang=\"en-US\" dir=\"ltr\">\n<div class=\"screen-reader-response\"><p role=\"status\" aria-live=\"polite\" aria-atomic=\"true\"><\/p> <ul><\/ul><\/div>\n<form action=\"\/es\/wp-json\/wp\/v2\/pages\/136#wpcf7-f132-o1\" method=\"post\" class=\"wpcf7-form init\" aria-label=\"Contact form\" novalidate=\"novalidate\" data-status=\"init\">\n<div style=\"display: none;\">\n<input type=\"hidden\" name=\"_wpcf7\" value=\"132\" \/>\n<input type=\"hidden\" name=\"_wpcf7_version\" value=\"5.7.5.1\" \/>\n<input type=\"hidden\" name=\"_wpcf7_locale\" value=\"en_US\" \/>\n<input type=\"hidden\" name=\"_wpcf7_unit_tag\" value=\"wpcf7-f132-o1\" \/>\n<input type=\"hidden\" name=\"_wpcf7_container_post\" value=\"0\" \/>\n<input type=\"hidden\" name=\"_wpcf7_posted_data_hash\" value=\"\" \/>\n<\/div>\n<p><label> Nombre Completo <span style=\"color:#b70b0b\">*<\/span> <span class=\"wpcf7-form-control-wrap\" data-name=\"full-name\"><input size=\"40\" class=\"wpcf7-form-control wpcf7-text wpcf7-validates-as-required\" aria-required=\"true\" aria-invalid=\"false\" value=\"\" type=\"text\" name=\"full-name\" \/><\/span> <\/label>\n<\/p>\n<p><label> Direcci\u00f3n de Correo Electr\u00f3nico <span style=\"color:#b70b0b\">*<\/span> <span class=\"wpcf7-form-control-wrap\" data-name=\"your-email\"><input size=\"40\" class=\"wpcf7-form-control wpcf7-text wpcf7-email wpcf7-validates-as-required wpcf7-validates-as-email\" aria-required=\"true\" aria-invalid=\"false\" value=\"\" type=\"email\" name=\"your-email\" \/><\/span> <\/label>\n<\/p>\n<p><label> Tema <span class=\"wpcf7-form-control-wrap\" data-name=\"your-subject\"><input size=\"40\" class=\"wpcf7-form-control wpcf7-text\" aria-invalid=\"false\" value=\"\" type=\"text\" name=\"your-subject\" \/><\/span> <\/label>\n<\/p>\n<p><label> Comentarios <span class=\"wpcf7-form-control-wrap\" data-name=\"your-message\"><textarea cols=\"40\" rows=\"10\" class=\"wpcf7-form-control wpcf7-textarea\" aria-invalid=\"false\" name=\"your-message\"><\/textarea><\/span> <\/label>\n<\/p>\n<p><span id=\"wpcf7-69e093b6d1fd7-wrapper\" class=\"wpcf7-form-control-wrap honeypot-347-wrap\" style=\"display:none !important; visibility:hidden !important;\"><label for=\"wpcf7-69e093b6d1fd7-field\" class=\"hp-message\">Please leave this field empty.<\/label><input id=\"wpcf7-69e093b6d1fd7-field\"  class=\"wpcf7-form-control wpcf7-text\" type=\"text\" name=\"honeypot-347\" value=\"\" size=\"40\" tabindex=\"-1\" autocomplete=\"new-password\" \/><\/span><br \/>\n<input class=\"wpcf7-form-control has-spinner wpcf7-submit\" type=\"submit\" value=\"Enviar\" \/>\n<\/p><div class=\"wpcf7-response-output\" aria-hidden=\"true\"><\/div>\n<\/form>\n<\/div>\n[\/vc_column_inner][\/vc_row_inner][\/vc_column][vc_column width=&#8221;1\/6&#8243; offset=&#8221;vc_hidden-sm vc_hidden-xs&#8221;][\/vc_column][\/vc_row]<\/p>\n<\/section>","protected":false},"excerpt":{"rendered":"<p>[vc_row full_width=&#8221;stretch_row_content_no_spaces&#8221; css=&#8221;.vc_custom_1491928520005{background-image: url(http:\/\/multisite.latahosting.com\/orderspi\/wp-content\/uploads\/sites\/8\/2017\/04\/lacrosse.jpg?id=17) !important;background-position: center !important;background-repeat: no-repeat !important;background-size: cover !important;}&#8221;][vc_column width=&#8221;1\/6&#8243; offset=&#8221;vc_hidden-sm vc_hidden-xs&#8221;][\/vc_column][vc_column width=&#8221;2\/3&#8243;][vc_row_inner css=&#8221;.vc_custom_1491927161580{margin-top: 60px !important;margin-bottom: 60px !important;border-top-width: 2px !important;border-right-width: 2px !important;border-bottom-width: 2px !important;border-left-width: 2px !important;padding-top: 40px !important;padding-right: 40px !important;padding-bottom: 40px !important;padding-left: 40px !important;background-color: #ffffff !important;border-left-color: #ededed !important;border-left-style: solid !important;border-right-color: #ededed !important;border-right-style: solid !important;border-top-color: #ededed !important;border-top-style: solid !important;border-bottom-color: #ededed !important;border-bottom-style: solid !important;}&#8221;][vc_column_inner width=&#8221;1\/2&#8243;][vc_column_text]Contacto<\/p>\n","protected":false},"author":1,"featured_media":0,"parent":0,"menu_order":0,"comment_status":"closed","ping_status":"closed","template":"","meta":{"footnotes":""},"class_list":["post-136","page","type-page","status-publish","hentry"],"_links":{"self":[{"href":"https:\/\/orderspi.com\/es\/wp-json\/wp\/v2\/pages\/136","targetHints":{"allow":["GET"]}}],"collection":[{"href":"https:\/\/orderspi.com\/es\/wp-json\/wp\/v2\/pages"}],"about":[{"href":"https:\/\/orderspi.com\/es\/wp-json\/wp\/v2\/types\/page"}],"author":[{"embeddable":true,"href":"https:\/\/orderspi.com\/es\/wp-json\/wp\/v2\/users\/1"}],"replies":[{"embeddable":true,"href":"https:\/\/orderspi.com\/es\/wp-json\/wp\/v2\/comments?post=136"}],"version-history":[{"count":5,"href":"https:\/\/orderspi.com\/es\/wp-json\/wp\/v2\/pages\/136\/revisions"}],"predecessor-version":[{"id":184,"href":"https:\/\/orderspi.com\/es\/wp-json\/wp\/v2\/pages\/136\/revisions\/184"}],"wp:attachment":[{"href":"https:\/\/orderspi.com\/es\/wp-json\/wp\/v2\/media?parent=136"}],"curies":[{"name":"wp","href":"https:\/\/api.w.org\/{rel}","templated":true}]}}