{"id":134,"date":"2017-04-10T19:42:04","date_gmt":"2017-04-10T19:42:04","guid":{"rendered":"http:\/\/multisite.latahosting.com\/orderspi\/about\/"},"modified":"2017-05-31T03:11:59","modified_gmt":"2017-05-31T03:11:59","slug":"about","status":"publish","type":"page","link":"https:\/\/orderspi.com\/es\/about\/","title":{"rendered":"Acerca de"},"content":{"rendered":"<section class=\"wpb-content-wrapper\"><p>[vc_row full_width=&#8221;stretch_row_content_no_spaces&#8221; css=&#8221;.vc_custom_1491924930628{background-image: url(http:\/\/multisite.latahosting.com\/orderspi\/wp-content\/uploads\/sites\/8\/2017\/04\/baseball2.jpg?id=19) !important;background-position: center !important;background-repeat: no-repeat !important;background-size: cover !important;}&#8221;][vc_column width=&#8221;1\/6&#8243; offset=&#8221;vc_hidden-sm vc_hidden-xs&#8221;][\/vc_column][vc_column width=&#8221;2\/3&#8243; css=&#8221;.vc_custom_1491925768653{margin: 30px !important;padding: 50px !important;}&#8221;][vc_column_text css=&#8221;.vc_custom_1496200317610{border-top-width: 2px !important;border-right-width: 2px !important;border-bottom-width: 2px !important;border-left-width: 2px !important;padding-top: 30px !important;padding-right: 30px !important;padding-bottom: 30px !important;padding-left: 30px !important;background-color: #ffffff !important;border-left-color: #e5e5e5 !important;border-left-style: solid !important;border-right-color: #e5e5e5 !important;border-right-style: solid !important;border-top-color: #e5e5e5 !important;border-top-style: solid !important;border-bottom-color: #e5e5e5 !important;border-bottom-style: solid !important;border-radius: 4px !important;}&#8221;]<strong><span style=\"font-size: 14pt; font-family: tahoma, arial, helvetica, sans-serif;\">Acerca de Sports Portraits :<\/span><\/strong><\/p>\n<p><span style=\"font-size: 12pt; font-family: tahoma, arial, helvetica, sans-serif;\">Una sonrisa no es nada para mantener a ti mismo.<\/span><\/p>\n<p><span style=\"font-size: 12pt; font-family: tahoma, arial, helvetica, sans-serif;\">En Sports Portraits, ayudamos a compartir sonrisas &#8212; entre ni\u00f1os, padres y personal. Somos un l\u00edder en el negocio de fotograf\u00eda deportiva en el \u00e1rea de Chicago. Cuando necesite servicios de fotograf\u00eda confiable, llame a Sports Portraits para ayudar.<\/span><\/p>\n<p><span style=\"font-size: 12pt; font-family: tahoma, arial, helvetica, sans-serif;\">Nuestro servicio comienza mucho antes del d\u00eda de la foto, ya que tomamos medidas que aseguran una experiencia positiva y f\u00e1cil para todos. Tenemos fot\u00f3grafos profesionales que no s\u00f3lo saben c\u00f3mo tomar fotograf\u00edas sobresalientes, tambi\u00e9n se relacionan f\u00e1cilmente con los ni\u00f1os y mantenerlos sonriendo. Tus im\u00e1genes nunca dejan nuestras manos. Disponemos de datos internos e instalaciones de impresi\u00f3n, lo que significa un control completo de las impresiones terminadas desde el principio hasta el final.<\/span><\/p>\n<p>&nbsp;<\/p>\n<p><strong><span style=\"font-size: 14pt; font-family: tahoma, arial, helvetica, sans-serif;\">En el procesamiento internal y el laboratorio de impression :<\/span><\/strong><\/p>\n<p><span style=\"font-size: 12pt; font-family: tahoma, arial, helvetica, sans-serif;\">A diferencia de muchos de nuestros competidores, no enviamos nuestras fotos a una empresa de procesamiento o impresi\u00f3n externa. Esto significa que mantenemos un control completo de las operaciones cr\u00edticas de procesamiento e impresi\u00f3n, dando a nuestros clientes la responsabilidad de una fuente \u00fanica que garantiza que cada foto que producimos cumpla de manera consistente nuestros altos est\u00e1ndares.<\/span><\/p>\n<p><span style=\"font-size: 12pt; font-family: tahoma, arial, helvetica, sans-serif;\">Nuestro laboratorio en el sitio cuenta con los equipos de procesamiento e impresi\u00f3n m\u00e1s actuales, operados por profesionales entrenados a tiempo completo que prueban y corrigen individualmente cada foto para eliminar defectos, balancear los colores correctamente, ajustar los tonos de la piel y recortar las im\u00e1genes. Incluso despu\u00e9s de todo eso, imprimimos una prueba e inspeccionamos visualmente cada imagen antes de que sea entregada a las escuelas y los padres.<\/span><\/p>\n<p>&nbsp;<\/p>\n<p><strong><span style=\"font-size: 14pt; font-family: tahoma, arial, helvetica, sans-serif;\">Nuestros Fot\u00f3grafos :<\/span><\/strong><\/p>\n<p><span style=\"font-family: tahoma, arial, helvetica, sans-serif; font-size: 12pt;\">Una gran foto no viene solamente de una cara sonriente feliz delante de la c\u00e1mara, sino de un profesional entrenado, h\u00e1bil detr\u00e1s de \u00e9l.<\/span><\/p>\n<p><span style=\"font-size: 12pt; font-family: tahoma, arial, helvetica, sans-serif;\">Por eso nuestros fot\u00f3grafos son:<\/span><\/p>\n<ul>\n<li><span style=\"font-size: 12pt; font-family: tahoma, arial, helvetica, sans-serif;\"><b>Entrenado completamente<\/b> \u2013 Todos nuestros fot\u00f3grafos se han graduado con fotograf\u00eda y grados de arte<\/span><\/li>\n<li><span style=\"font-size: 12pt; font-family: tahoma, arial, helvetica, sans-serif;\"><b>Experimentado<\/b> \u2013 Muchos de nuestros fot\u00f3grafos han estado haciendo esto por m\u00e1s de 20 a\u00f1os<\/span><\/li>\n<li><span style=\"font-size: 12pt; font-family: tahoma, arial, helvetica, sans-serif;\"><b>Empleados de tiempo completo<\/b> \u2013 Nuestros fot\u00f3grafos est\u00e1n motivados s\u00f3lo para producir las mejores fotos que puedan, no apresurarse a trav\u00e9s de d\u00eda de la foto para que puedan maximizar sus propios beneficios<\/span><\/li>\n<li><span style=\"font-size: 12pt; font-family: tahoma, arial, helvetica, sans-serif;\"><b>Genial con ni\u00f1os<\/b> \u2013 Est\u00e1n haciendo esto porque les encanta trabajar con ni\u00f1os, y saben c\u00f3mo mantener a los ni\u00f1os c\u00f3modos, relajados y sonrientes<\/span><\/li>\n<li><span style=\"font-size: 12pt; font-family: tahoma, arial, helvetica, sans-serif;\"><b>Seguro<\/b> \u2013 Llevamos a cabo una verificaci\u00f3n completa de los antecedentes de todos nuestros empleados para garantizar la seguridad de los ni\u00f1os que fotografiamos y proporcionar a los padres y las escuelas la tranquilidad que merecen<\/span><\/li>\n<\/ul>\n<p>[\/vc_column_text][\/vc_column][vc_column width=&#8221;1\/6&#8243; offset=&#8221;vc_hidden-sm vc_hidden-xs&#8221;][\/vc_column][\/vc_row]<\/p>\n<\/section>","protected":false},"excerpt":{"rendered":"<p>[vc_row full_width=&#8221;stretch_row_content_no_spaces&#8221; css=&#8221;.vc_custom_1491924930628{background-image: url(http:\/\/multisite.latahosting.com\/orderspi\/wp-content\/uploads\/sites\/8\/2017\/04\/baseball2.jpg?id=19) !important;background-position: center !important;background-repeat: no-repeat !important;background-size: cover !important;}&#8221;][vc_column width=&#8221;1\/6&#8243; offset=&#8221;vc_hidden-sm vc_hidden-xs&#8221;][\/vc_column][vc_column width=&#8221;2\/3&#8243; css=&#8221;.vc_custom_1491925768653{margin: 30px !important;padding: 50px !important;}&#8221;][vc_column_text css=&#8221;.vc_custom_1496200317610{border-top-width: 2px !important;border-right-width: 2px !important;border-bottom-width: 2px !important;border-left-width: 2px !important;padding-top: 30px !important;padding-right: 30px !important;padding-bottom: 30px !important;padding-left: 30px !important;background-color: #ffffff !important;border-left-color: #e5e5e5 !important;border-left-style: solid !important;border-right-color: #e5e5e5 !important;border-right-style: solid !important;border-top-color: #e5e5e5 !important;border-top-style: solid !important;border-bottom-color: #e5e5e5 !important;border-bottom-style: solid !important;border-radius:<\/p>\n","protected":false},"author":1,"featured_media":0,"parent":0,"menu_order":0,"comment_status":"closed","ping_status":"closed","template":"","meta":{"footnotes":""},"class_list":["post-134","page","type-page","status-publish","hentry"],"_links":{"self":[{"href":"https:\/\/orderspi.com\/es\/wp-json\/wp\/v2\/pages\/134","targetHints":{"allow":["GET"]}}],"collection":[{"href":"https:\/\/orderspi.com\/es\/wp-json\/wp\/v2\/pages"}],"about":[{"href":"https:\/\/orderspi.com\/es\/wp-json\/wp\/v2\/types\/page"}],"author":[{"embeddable":true,"href":"https:\/\/orderspi.com\/es\/wp-json\/wp\/v2\/users\/1"}],"replies":[{"embeddable":true,"href":"https:\/\/orderspi.com\/es\/wp-json\/wp\/v2\/comments?post=134"}],"version-history":[{"count":2,"href":"https:\/\/orderspi.com\/es\/wp-json\/wp\/v2\/pages\/134\/revisions"}],"predecessor-version":[{"id":183,"href":"https:\/\/orderspi.com\/es\/wp-json\/wp\/v2\/pages\/134\/revisions\/183"}],"wp:attachment":[{"href":"https:\/\/orderspi.com\/es\/wp-json\/wp\/v2\/media?parent=134"}],"curies":[{"name":"wp","href":"https:\/\/api.w.org\/{rel}","templated":true}]}}